{"id":3442,"date":"2022-02-25T12:30:32","date_gmt":"2022-02-25T11:30:32","guid":{"rendered":"https:\/\/grenzarbeit.eu\/venlo\/?page_id=3442"},"modified":"2022-02-25T12:35:31","modified_gmt":"2022-02-25T11:35:31","slug":"newsarchiv","status":"publish","type":"page","link":"https:\/\/grenzarbeit.eu\/venlo\/newsarchiv\/","title":{"rendered":"Newsarchiv"},"content":{"rendered":"\t\t<div data-elementor-type=\"wp-page\" data-elementor-id=\"3442\" class=\"elementor elementor-3442\" data-elementor-post-type=\"page\">\n\t\t\t\t\t\t<section class=\"elementor-section elementor-top-section elementor-element elementor-element-f782a45 elementor-section-boxed elementor-section-height-default elementor-section-height-default\" data-id=\"f782a45\" data-element_type=\"section\" data-e-type=\"section\">\n\t\t\t\t\t\t<div class=\"elementor-container elementor-column-gap-default\">\n\t\t\t\t\t<div class=\"elementor-column elementor-col-100 elementor-top-column elementor-element elementor-element-da70660\" data-id=\"da70660\" data-element_type=\"column\" data-e-type=\"column\">\n\t\t\t<div class=\"elementor-widget-wrap elementor-element-populated\">\n\t\t\t\t\t\t<div class=\"elementor-element elementor-element-4880f17 elementor-widget elementor-widget-heading\" data-id=\"4880f17\" data-element_type=\"widget\" data-e-type=\"widget\" data-widget_type=\"heading.default\">\n\t\t\t\t<div class=\"elementor-widget-container\">\n\t\t\t\t\t<h2 class=\"elementor-heading-title elementor-size-default\">Newsarchiv<\/h2>\t\t\t\t<\/div>\n\t\t\t\t<\/div>\n\t\t\t\t\t<\/div>\n\t\t<\/div>\n\t\t\t\t\t<\/div>\n\t\t<\/section>\n\t\t\t\t<section class=\"elementor-section elementor-top-section elementor-element elementor-element-aa5b1a7 elementor-section-boxed elementor-section-height-default elementor-section-height-default\" data-id=\"aa5b1a7\" data-element_type=\"section\" data-e-type=\"section\">\n\t\t\t\t\t\t<div class=\"elementor-container elementor-column-gap-default\">\n\t\t\t\t\t<div class=\"elementor-column elementor-col-100 elementor-top-column elementor-element elementor-element-a5e6854\" data-id=\"a5e6854\" data-element_type=\"column\" data-e-type=\"column\">\n\t\t\t<div class=\"elementor-widget-wrap elementor-element-populated\">\n\t\t\t\t\t\t<div class=\"elementor-element elementor-element-3e905bd elementor-grid-3 elementor-grid-tablet-2 elementor-grid-mobile-1 elementor-posts--thumbnail-top elementor-widget elementor-widget-posts\" data-id=\"3e905bd\" data-element_type=\"widget\" data-e-type=\"widget\" data-settings=\"{&quot;classic_masonry&quot;:&quot;yes&quot;,&quot;pagination_type&quot;:&quot;numbers&quot;,&quot;classic_columns&quot;:&quot;3&quot;,&quot;classic_columns_tablet&quot;:&quot;2&quot;,&quot;classic_columns_mobile&quot;:&quot;1&quot;,&quot;classic_row_gap&quot;:{&quot;unit&quot;:&quot;px&quot;,&quot;size&quot;:35,&quot;sizes&quot;:[]},&quot;classic_row_gap_tablet&quot;:{&quot;unit&quot;:&quot;px&quot;,&quot;size&quot;:&quot;&quot;,&quot;sizes&quot;:[]},&quot;classic_row_gap_mobile&quot;:{&quot;unit&quot;:&quot;px&quot;,&quot;size&quot;:&quot;&quot;,&quot;sizes&quot;:[]}}\" data-widget_type=\"posts.classic\">\n\t\t\t\t<div class=\"elementor-widget-container\">\n\t\t\t\t\t\t\t<div class=\"elementor-posts-container elementor-posts elementor-posts--skin-classic elementor-grid\" role=\"list\">\n\t\t\t\t<article class=\"elementor-post elementor-grid-item post-4951 post type-post status-publish format-standard has-post-thumbnail hentry category-allgemein-nl\" role=\"listitem\">\n\t\t\t\t<a class=\"elementor-post__thumbnail__link\" href=\"https:\/\/grenzarbeit.eu\/venlo\/nl\/service-grensarbeid-bij-level-up-beurs-in-krefeld\/\" tabindex=\"-1\" >\n\t\t\t<div class=\"elementor-post__thumbnail\"><img fetchpriority=\"high\" decoding=\"async\" width=\"428\" height=\"760\" src=\"https:\/\/grenzarbeit.eu\/venlo\/wp-content\/uploads\/sites\/10\/2026\/03\/20260318_090037-428x760.jpg\" class=\"attachment-medium size-medium wp-image-4948\" alt=\"\" srcset=\"https:\/\/grenzarbeit.eu\/venlo\/wp-content\/uploads\/sites\/10\/2026\/03\/20260318_090037-428x760.jpg 428w, https:\/\/grenzarbeit.eu\/venlo\/wp-content\/uploads\/sites\/10\/2026\/03\/20260318_090037-642x1140.jpg 642w, https:\/\/grenzarbeit.eu\/venlo\/wp-content\/uploads\/sites\/10\/2026\/03\/20260318_090037-768x1364.jpg 768w, https:\/\/grenzarbeit.eu\/venlo\/wp-content\/uploads\/sites\/10\/2026\/03\/20260318_090037-865x1536.jpg 865w, https:\/\/grenzarbeit.eu\/venlo\/wp-content\/uploads\/sites\/10\/2026\/03\/20260318_090037-113x200.jpg 113w, https:\/\/grenzarbeit.eu\/venlo\/wp-content\/uploads\/sites\/10\/2026\/03\/20260318_090037.jpg 1153w\" sizes=\"(max-width: 428px) 100vw, 428px\" \/><\/div>\n\t\t<\/a>\n\t\t\t\t<div class=\"elementor-post__text\">\n\t\t\t\t<h3 class=\"elementor-post__title\">\n\t\t\t<a href=\"https:\/\/grenzarbeit.eu\/venlo\/nl\/service-grensarbeid-bij-level-up-beurs-in-krefeld\/\" >\n\t\t\t\tService Grensarbeid bij Level Up Beurs in Krefeld\t\t\t<\/a>\n\t\t<\/h3>\n\t\t\t\t<div class=\"elementor-post__meta-data\">\n\t\t\t\t\t<span class=\"elementor-post-date\">\n\t\t\t31. March 2026\t\t<\/span>\n\t\t\t\t<span class=\"elementor-post-avatar\">\n\t\t\tNo Comments\t\t<\/span>\n\t\t\t\t<\/div>\n\t\t\t\t<div class=\"elementor-post__excerpt\">\n\t\t\t<p>Op woensdag 18 maart stond de Service Grensarbeid op de studie\/beroepskeuzebeurs in Krefeld. Op locatie bij de Gesamtschule Uerdingen kregen scholieren uit heel Krefeld informatie<\/p>\n\t\t<\/div>\n\t\t\n\t\t<a class=\"elementor-post__read-more\" href=\"https:\/\/grenzarbeit.eu\/venlo\/nl\/service-grensarbeid-bij-level-up-beurs-in-krefeld\/\" aria-label=\"Read more about Service Grensarbeid bij Level Up Beurs in Krefeld\" tabindex=\"-1\" >\n\t\t\tWeiterlesen \u00bb\t\t<\/a>\n\n\t\t\t\t<\/div>\n\t\t\t\t<\/article>\n\t\t\t\t<article class=\"elementor-post elementor-grid-item post-4949 post type-post status-publish format-standard has-post-thumbnail hentry category-unkategorisiert\" role=\"listitem\">\n\t\t\t\t<a class=\"elementor-post__thumbnail__link\" href=\"https:\/\/grenzarbeit.eu\/venlo\/service-grenzarbeit-bei-level-up-messe-in-krefeld\/\" tabindex=\"-1\" >\n\t\t\t<div class=\"elementor-post__thumbnail\"><img fetchpriority=\"high\" decoding=\"async\" width=\"428\" height=\"760\" src=\"https:\/\/grenzarbeit.eu\/venlo\/wp-content\/uploads\/sites\/10\/2026\/03\/20260318_090037-428x760.jpg\" class=\"attachment-medium size-medium wp-image-4948\" alt=\"\" srcset=\"https:\/\/grenzarbeit.eu\/venlo\/wp-content\/uploads\/sites\/10\/2026\/03\/20260318_090037-428x760.jpg 428w, https:\/\/grenzarbeit.eu\/venlo\/wp-content\/uploads\/sites\/10\/2026\/03\/20260318_090037-642x1140.jpg 642w, https:\/\/grenzarbeit.eu\/venlo\/wp-content\/uploads\/sites\/10\/2026\/03\/20260318_090037-768x1364.jpg 768w, https:\/\/grenzarbeit.eu\/venlo\/wp-content\/uploads\/sites\/10\/2026\/03\/20260318_090037-865x1536.jpg 865w, https:\/\/grenzarbeit.eu\/venlo\/wp-content\/uploads\/sites\/10\/2026\/03\/20260318_090037-113x200.jpg 113w, https:\/\/grenzarbeit.eu\/venlo\/wp-content\/uploads\/sites\/10\/2026\/03\/20260318_090037.jpg 1153w\" sizes=\"(max-width: 428px) 100vw, 428px\" \/><\/div>\n\t\t<\/a>\n\t\t\t\t<div class=\"elementor-post__text\">\n\t\t\t\t<h3 class=\"elementor-post__title\">\n\t\t\t<a href=\"https:\/\/grenzarbeit.eu\/venlo\/service-grenzarbeit-bei-level-up-messe-in-krefeld\/\" >\n\t\t\t\tService Grenzarbeit bei Level Up Messe in Krefeld\t\t\t<\/a>\n\t\t<\/h3>\n\t\t\t\t<div class=\"elementor-post__meta-data\">\n\t\t\t\t\t<span class=\"elementor-post-date\">\n\t\t\t31. March 2026\t\t<\/span>\n\t\t\t\t<span class=\"elementor-post-avatar\">\n\t\t\tNo Comments\t\t<\/span>\n\t\t\t\t<\/div>\n\t\t\t\t<div class=\"elementor-post__excerpt\">\n\t\t\t<p>Am Mittwoch, den 18. M\u00e4rz, war der Service Grenzarbeit auf der Studien- und Berufswahlmesse in Krefeld pr\u00e4sent. An der Gesamtschule Uerdingen erhielten Sch\u00fcler*Innen aus ganz<\/p>\n\t\t<\/div>\n\t\t\n\t\t<a class=\"elementor-post__read-more\" href=\"https:\/\/grenzarbeit.eu\/venlo\/service-grenzarbeit-bei-level-up-messe-in-krefeld\/\" aria-label=\"Read more about Service Grenzarbeit bei Level Up Messe in Krefeld\" tabindex=\"-1\" >\n\t\t\tWeiterlesen \u00bb\t\t<\/a>\n\n\t\t\t\t<\/div>\n\t\t\t\t<\/article>\n\t\t\t\t<article class=\"elementor-post elementor-grid-item post-4938 post type-post status-publish format-standard has-post-thumbnail hentry category-allgemein-nl\" role=\"listitem\">\n\t\t\t\t<a class=\"elementor-post__thumbnail__link\" href=\"https:\/\/grenzarbeit.eu\/venlo\/nl\/sga-venlo-bij-wbv-weiterbildungsmesse-in-viersen\/\" tabindex=\"-1\" >\n\t\t\t<div class=\"elementor-post__thumbnail\"><img decoding=\"async\" width=\"596\" height=\"520\" src=\"https:\/\/grenzarbeit.eu\/venlo\/wp-content\/uploads\/sites\/10\/2026\/03\/SGA-Venlo-bei-WBV_3.png\" class=\"attachment-medium size-medium wp-image-4927\" alt=\"\" srcset=\"https:\/\/grenzarbeit.eu\/venlo\/wp-content\/uploads\/sites\/10\/2026\/03\/SGA-Venlo-bei-WBV_3.png 596w, https:\/\/grenzarbeit.eu\/venlo\/wp-content\/uploads\/sites\/10\/2026\/03\/SGA-Venlo-bei-WBV_3-230x200.png 230w\" sizes=\"(max-width: 596px) 100vw, 596px\" \/><\/div>\n\t\t<\/a>\n\t\t\t\t<div class=\"elementor-post__text\">\n\t\t\t\t<h3 class=\"elementor-post__title\">\n\t\t\t<a href=\"https:\/\/grenzarbeit.eu\/venlo\/nl\/sga-venlo-bij-wbv-weiterbildungsmesse-in-viersen\/\" >\n\t\t\t\tSGA Venlo bij WBV Weiterbildungsmesse in Viersen.\t\t\t<\/a>\n\t\t<\/h3>\n\t\t\t\t<div class=\"elementor-post__meta-data\">\n\t\t\t\t\t<span class=\"elementor-post-date\">\n\t\t\t20. March 2026\t\t<\/span>\n\t\t\t\t<span class=\"elementor-post-avatar\">\n\t\t\tNo Comments\t\t<\/span>\n\t\t\t\t<\/div>\n\t\t\t\t<div class=\"elementor-post__excerpt\">\n\t\t\t<p>Afgelopen week woensdag, 11 maart, waren we als SGA Venlo aanwezig op de Weiterbildungsmesse van Weiterbildungsverband Mittlerer Niederrhein bij Berufskolleg Viersen-D\u00fclken in Viersen. Een opleidingsbeurs<\/p>\n\t\t<\/div>\n\t\t\n\t\t<a class=\"elementor-post__read-more\" href=\"https:\/\/grenzarbeit.eu\/venlo\/nl\/sga-venlo-bij-wbv-weiterbildungsmesse-in-viersen\/\" aria-label=\"Read more about SGA Venlo bij WBV Weiterbildungsmesse in Viersen.\" tabindex=\"-1\" >\n\t\t\tWeiterlesen \u00bb\t\t<\/a>\n\n\t\t\t\t<\/div>\n\t\t\t\t<\/article>\n\t\t\t\t<article class=\"elementor-post elementor-grid-item post-4930 post type-post status-publish format-standard has-post-thumbnail hentry category-unkategorisiert\" role=\"listitem\">\n\t\t\t\t<a class=\"elementor-post__thumbnail__link\" href=\"https:\/\/grenzarbeit.eu\/venlo\/sga-venlo-bei-der-wbv-weiterbildungsmesse-in-viersen\/\" tabindex=\"-1\" >\n\t\t\t<div class=\"elementor-post__thumbnail\"><img decoding=\"async\" width=\"596\" height=\"520\" src=\"https:\/\/grenzarbeit.eu\/venlo\/wp-content\/uploads\/sites\/10\/2026\/03\/SGA-Venlo-bei-WBV_3.png\" class=\"attachment-medium size-medium wp-image-4927\" alt=\"\" srcset=\"https:\/\/grenzarbeit.eu\/venlo\/wp-content\/uploads\/sites\/10\/2026\/03\/SGA-Venlo-bei-WBV_3.png 596w, https:\/\/grenzarbeit.eu\/venlo\/wp-content\/uploads\/sites\/10\/2026\/03\/SGA-Venlo-bei-WBV_3-230x200.png 230w\" sizes=\"(max-width: 596px) 100vw, 596px\" \/><\/div>\n\t\t<\/a>\n\t\t\t\t<div class=\"elementor-post__text\">\n\t\t\t\t<h3 class=\"elementor-post__title\">\n\t\t\t<a href=\"https:\/\/grenzarbeit.eu\/venlo\/sga-venlo-bei-der-wbv-weiterbildungsmesse-in-viersen\/\" >\n\t\t\t\tSGA Venlo bei der WBV-Weiterbildungsmesse in Viersen\t\t\t<\/a>\n\t\t<\/h3>\n\t\t\t\t<div class=\"elementor-post__meta-data\">\n\t\t\t\t\t<span class=\"elementor-post-date\">\n\t\t\t20. March 2026\t\t<\/span>\n\t\t\t\t<span class=\"elementor-post-avatar\">\n\t\t\tNo Comments\t\t<\/span>\n\t\t\t\t<\/div>\n\t\t\t\t<div class=\"elementor-post__excerpt\">\n\t\t\t<p>Am vergangenen Mittwoch, dem 11. M\u00e4rz, waren wir als SGA Venlo auf der Weiterbildungsmesse des Weiterbildungsverbands Mittlerer Niederrhein am Berufskolleg Viersen-D\u00fclken in Viersen vertreten. Diese<\/p>\n\t\t<\/div>\n\t\t\n\t\t<a class=\"elementor-post__read-more\" href=\"https:\/\/grenzarbeit.eu\/venlo\/sga-venlo-bei-der-wbv-weiterbildungsmesse-in-viersen\/\" aria-label=\"Read more about SGA Venlo bei der WBV-Weiterbildungsmesse in Viersen\" tabindex=\"-1\" >\n\t\t\tWeiterlesen \u00bb\t\t<\/a>\n\n\t\t\t\t<\/div>\n\t\t\t\t<\/article>\n\t\t\t\t<article class=\"elementor-post elementor-grid-item post-4906 post type-post status-publish format-standard hentry category-allgemein-nl\" role=\"listitem\">\n\t\t\t\t<div class=\"elementor-post__text\">\n\t\t\t\t<h3 class=\"elementor-post__title\">\n\t\t\t<a href=\"https:\/\/grenzarbeit.eu\/venlo\/nl\/belastingverdrag-tussen-duitsland-en-nederland-gewijzigd\/\" >\n\t\t\t\tBelastingverdrag tussen Duitsland en Nederland gewijzigd\t\t\t<\/a>\n\t\t<\/h3>\n\t\t\t\t<div class=\"elementor-post__meta-data\">\n\t\t\t\t\t<span class=\"elementor-post-date\">\n\t\t\t29. January 2026\t\t<\/span>\n\t\t\t\t<span class=\"elementor-post-avatar\">\n\t\t\tNo Comments\t\t<\/span>\n\t\t\t\t<\/div>\n\t\t\t\t<div class=\"elementor-post__excerpt\">\n\t\t\t<p>Aan het begin van het jaar 2025\/2026 is de nieuwe regeling voor de belastingheffing van grenspendelaars tussen Duitsland en Nederland in werking getreden. Wie gedeeltelijk<\/p>\n\t\t<\/div>\n\t\t\n\t\t<a class=\"elementor-post__read-more\" href=\"https:\/\/grenzarbeit.eu\/venlo\/nl\/belastingverdrag-tussen-duitsland-en-nederland-gewijzigd\/\" aria-label=\"Read more about Belastingverdrag tussen Duitsland en Nederland gewijzigd\" tabindex=\"-1\" >\n\t\t\tWeiterlesen \u00bb\t\t<\/a>\n\n\t\t\t\t<\/div>\n\t\t\t\t<\/article>\n\t\t\t\t<article class=\"elementor-post elementor-grid-item post-4904 post type-post status-publish format-standard hentry category-unkategorisiert\" role=\"listitem\">\n\t\t\t\t<div class=\"elementor-post__text\">\n\t\t\t\t<h3 class=\"elementor-post__title\">\n\t\t\t<a href=\"https:\/\/grenzarbeit.eu\/venlo\/doppelbesteuerungsabkommen-zwischen-deutschland-und-den-niederlanden-geaendert\/\" >\n\t\t\t\tDoppelbesteuerungsabkommen zwischen Deutschland und den Niederlanden ge\u00e4ndert\t\t\t<\/a>\n\t\t<\/h3>\n\t\t\t\t<div class=\"elementor-post__meta-data\">\n\t\t\t\t\t<span class=\"elementor-post-date\">\n\t\t\t29. January 2026\t\t<\/span>\n\t\t\t\t<span class=\"elementor-post-avatar\">\n\t\t\tNo Comments\t\t<\/span>\n\t\t\t\t<\/div>\n\t\t\t\t<div class=\"elementor-post__excerpt\">\n\t\t\t<p>Zum Jahreswechsel 2025\/2026 ist die Neuregelung zur Besteuerung von Grenzpendlerinnen und Grenzpendler zwischen Deutschland und den Niederlanden in Kraft getreten. Wer teilweise im Homeoffice arbeitet,<\/p>\n\t\t<\/div>\n\t\t\n\t\t<a class=\"elementor-post__read-more\" href=\"https:\/\/grenzarbeit.eu\/venlo\/doppelbesteuerungsabkommen-zwischen-deutschland-und-den-niederlanden-geaendert\/\" aria-label=\"Read more about Doppelbesteuerungsabkommen zwischen Deutschland und den Niederlanden ge\u00e4ndert\" tabindex=\"-1\" >\n\t\t\tWeiterlesen \u00bb\t\t<\/a>\n\n\t\t\t\t<\/div>\n\t\t\t\t<\/article>\n\t\t\t\t<article class=\"elementor-post elementor-grid-item post-4896 post type-post status-publish format-standard has-post-thumbnail hentry category-allgemein-nl\" role=\"listitem\">\n\t\t\t\t<a class=\"elementor-post__thumbnail__link\" href=\"https:\/\/grenzarbeit.eu\/venlo\/nl\/gip-kent-de-regels-sga-kent-de-arbeidsmarkt\/\" tabindex=\"-1\" >\n\t\t\t<div class=\"elementor-post__thumbnail\"><img decoding=\"async\" width=\"760\" height=\"570\" src=\"https:\/\/grenzarbeit.eu\/venlo\/wp-content\/uploads\/sites\/10\/2026\/01\/PXL_20260114_0904129422-760x570.jpg\" class=\"attachment-medium size-medium wp-image-4893\" alt=\"\" srcset=\"https:\/\/grenzarbeit.eu\/venlo\/wp-content\/uploads\/sites\/10\/2026\/01\/PXL_20260114_0904129422-760x570.jpg 760w, https:\/\/grenzarbeit.eu\/venlo\/wp-content\/uploads\/sites\/10\/2026\/01\/PXL_20260114_0904129422-1140x856.jpg 1140w, https:\/\/grenzarbeit.eu\/venlo\/wp-content\/uploads\/sites\/10\/2026\/01\/PXL_20260114_0904129422-768x576.jpg 768w, https:\/\/grenzarbeit.eu\/venlo\/wp-content\/uploads\/sites\/10\/2026\/01\/PXL_20260114_0904129422-1536x1153.jpg 1536w, https:\/\/grenzarbeit.eu\/venlo\/wp-content\/uploads\/sites\/10\/2026\/01\/PXL_20260114_0904129422-230x173.jpg 230w, https:\/\/grenzarbeit.eu\/venlo\/wp-content\/uploads\/sites\/10\/2026\/01\/PXL_20260114_0904129422.jpg 2048w\" sizes=\"(max-width: 760px) 100vw, 760px\" \/><\/div>\n\t\t<\/a>\n\t\t\t\t<div class=\"elementor-post__text\">\n\t\t\t\t<h3 class=\"elementor-post__title\">\n\t\t\t<a href=\"https:\/\/grenzarbeit.eu\/venlo\/nl\/gip-kent-de-regels-sga-kent-de-arbeidsmarkt\/\" >\n\t\t\t\tGIP kent de regels, SGA kent de arbeidsmarkt\t\t\t<\/a>\n\t\t<\/h3>\n\t\t\t\t<div class=\"elementor-post__meta-data\">\n\t\t\t\t\t<span class=\"elementor-post-date\">\n\t\t\t15. January 2026\t\t<\/span>\n\t\t\t\t<span class=\"elementor-post-avatar\">\n\t\t\tNo Comments\t\t<\/span>\n\t\t\t\t<\/div>\n\t\t\t\t<div class=\"elementor-post__excerpt\">\n\t\t\t<p>Grensoverschrijdende bepalingen zijn niet altijd logisch, maar het wordt begrijpelijk als je de regels kent: De deelnemers aan de laatste Open Coffee Niederrhein, die plaatsvond<\/p>\n\t\t<\/div>\n\t\t\n\t\t<a class=\"elementor-post__read-more\" href=\"https:\/\/grenzarbeit.eu\/venlo\/nl\/gip-kent-de-regels-sga-kent-de-arbeidsmarkt\/\" aria-label=\"Read more about GIP kent de regels, SGA kent de arbeidsmarkt\" tabindex=\"-1\" >\n\t\t\tWeiterlesen \u00bb\t\t<\/a>\n\n\t\t\t\t<\/div>\n\t\t\t\t<\/article>\n\t\t\t\t<article class=\"elementor-post elementor-grid-item post-4894 post type-post status-publish format-standard has-post-thumbnail hentry category-unkategorisiert\" role=\"listitem\">\n\t\t\t\t<a class=\"elementor-post__thumbnail__link\" href=\"https:\/\/grenzarbeit.eu\/venlo\/gip-kennt-die-regeln-sga-den-arbeitsmarkt\/\" tabindex=\"-1\" >\n\t\t\t<div class=\"elementor-post__thumbnail\"><img decoding=\"async\" width=\"760\" height=\"570\" src=\"https:\/\/grenzarbeit.eu\/venlo\/wp-content\/uploads\/sites\/10\/2026\/01\/PXL_20260114_0904129422-760x570.jpg\" class=\"attachment-medium size-medium wp-image-4893\" alt=\"\" srcset=\"https:\/\/grenzarbeit.eu\/venlo\/wp-content\/uploads\/sites\/10\/2026\/01\/PXL_20260114_0904129422-760x570.jpg 760w, https:\/\/grenzarbeit.eu\/venlo\/wp-content\/uploads\/sites\/10\/2026\/01\/PXL_20260114_0904129422-1140x856.jpg 1140w, https:\/\/grenzarbeit.eu\/venlo\/wp-content\/uploads\/sites\/10\/2026\/01\/PXL_20260114_0904129422-768x576.jpg 768w, https:\/\/grenzarbeit.eu\/venlo\/wp-content\/uploads\/sites\/10\/2026\/01\/PXL_20260114_0904129422-1536x1153.jpg 1536w, https:\/\/grenzarbeit.eu\/venlo\/wp-content\/uploads\/sites\/10\/2026\/01\/PXL_20260114_0904129422-230x173.jpg 230w, https:\/\/grenzarbeit.eu\/venlo\/wp-content\/uploads\/sites\/10\/2026\/01\/PXL_20260114_0904129422.jpg 2048w\" sizes=\"(max-width: 760px) 100vw, 760px\" \/><\/div>\n\t\t<\/a>\n\t\t\t\t<div class=\"elementor-post__text\">\n\t\t\t\t<h3 class=\"elementor-post__title\">\n\t\t\t<a href=\"https:\/\/grenzarbeit.eu\/venlo\/gip-kennt-die-regeln-sga-den-arbeitsmarkt\/\" >\n\t\t\t\tGIP kennt die Regeln, SGA den Arbeitsmarkt\t\t\t<\/a>\n\t\t<\/h3>\n\t\t\t\t<div class=\"elementor-post__meta-data\">\n\t\t\t\t\t<span class=\"elementor-post-date\">\n\t\t\t15. January 2026\t\t<\/span>\n\t\t\t\t<span class=\"elementor-post-avatar\">\n\t\t\tNo Comments\t\t<\/span>\n\t\t\t\t<\/div>\n\t\t\t\t<div class=\"elementor-post__excerpt\">\n\t\t\t<p>Grenz\u00fcberschreitend ist nicht immer alles logisch, aber es wird verst\u00e4ndlich, wenn man die Regeln kennt: Die Teilnehmenden des letzten Open Coffee Niederrhein, der am Welttag<\/p>\n\t\t<\/div>\n\t\t\n\t\t<a class=\"elementor-post__read-more\" href=\"https:\/\/grenzarbeit.eu\/venlo\/gip-kennt-die-regeln-sga-den-arbeitsmarkt\/\" aria-label=\"Read more about GIP kennt die Regeln, SGA den Arbeitsmarkt\" tabindex=\"-1\" >\n\t\t\tWeiterlesen \u00bb\t\t<\/a>\n\n\t\t\t\t<\/div>\n\t\t\t\t<\/article>\n\t\t\t\t<article class=\"elementor-post elementor-grid-item post-4891 post type-post status-publish format-standard hentry category-allgemein-nl\" role=\"listitem\">\n\t\t\t\t<div class=\"elementor-post__text\">\n\t\t\t\t<h3 class=\"elementor-post__title\">\n\t\t\t<a href=\"https:\/\/grenzarbeit.eu\/venlo\/nl\/evenemententip-gratis-webinars\/\" >\n\t\t\t\tEvenemententip: gratis webinars\t\t\t<\/a>\n\t\t<\/h3>\n\t\t\t\t<div class=\"elementor-post__meta-data\">\n\t\t\t\t\t<span class=\"elementor-post-date\">\n\t\t\t11. January 2026\t\t<\/span>\n\t\t\t\t<span class=\"elementor-post-avatar\">\n\t\t\tNo Comments\t\t<\/span>\n\t\t\t\t<\/div>\n\t\t\t\t<div class=\"elementor-post__excerpt\">\n\t\t\t<p>De GrensInfoPunten (GIP) langs de Duits-Nederlandse grens informeren in twee gratis webinars over werken in het buurland. Ge\u00efnteresseerden kunnen zich tot aan de start (telkens<\/p>\n\t\t<\/div>\n\t\t\n\t\t<a class=\"elementor-post__read-more\" href=\"https:\/\/grenzarbeit.eu\/venlo\/nl\/evenemententip-gratis-webinars\/\" aria-label=\"Read more about Evenemententip: gratis webinars\" tabindex=\"-1\" >\n\t\t\tWeiterlesen \u00bb\t\t<\/a>\n\n\t\t\t\t<\/div>\n\t\t\t\t<\/article>\n\t\t\t\t<article class=\"elementor-post elementor-grid-item post-4888 post type-post status-publish format-standard hentry category-unkategorisiert\" role=\"listitem\">\n\t\t\t\t<div class=\"elementor-post__text\">\n\t\t\t\t<h3 class=\"elementor-post__title\">\n\t\t\t<a href=\"https:\/\/grenzarbeit.eu\/venlo\/veranstaltungshinweis-kostenlose-webinare\/\" >\n\t\t\t\tVeranstaltungshinweis: Kostenlose Webinare\t\t\t<\/a>\n\t\t<\/h3>\n\t\t\t\t<div class=\"elementor-post__meta-data\">\n\t\t\t\t\t<span class=\"elementor-post-date\">\n\t\t\t11. January 2026\t\t<\/span>\n\t\t\t\t<span class=\"elementor-post-avatar\">\n\t\t\tNo Comments\t\t<\/span>\n\t\t\t\t<\/div>\n\t\t\t\t<div class=\"elementor-post__excerpt\">\n\t\t\t<p>Die GrenzInfoPunkte (GIP) entlang der deutsch-niederl\u00e4ndischen Grenze informieren in zwei kostenlosen Webinaren \u00fcbers Arbeiten im Nachbarland. Interessierte k\u00f6nnen sich bis zum Start (jeweils um 16:30<\/p>\n\t\t<\/div>\n\t\t\n\t\t<a class=\"elementor-post__read-more\" href=\"https:\/\/grenzarbeit.eu\/venlo\/veranstaltungshinweis-kostenlose-webinare\/\" aria-label=\"Read more about Veranstaltungshinweis: Kostenlose Webinare\" tabindex=\"-1\" >\n\t\t\tWeiterlesen \u00bb\t\t<\/a>\n\n\t\t\t\t<\/div>\n\t\t\t\t<\/article>\n\t\t\t\t<article class=\"elementor-post elementor-grid-item post-4879 post type-post status-publish format-standard hentry category-allgemein-nl\" role=\"listitem\">\n\t\t\t\t<div class=\"elementor-post__text\">\n\t\t\t\t<h3 class=\"elementor-post__title\">\n\t\t\t<a href=\"https:\/\/grenzarbeit.eu\/venlo\/nl\/beslistermijn-wia-verlengd-naar-16-weken\/\" >\n\t\t\t\tBeslistermijn WIA verlengd naar 16 weken\t\t\t<\/a>\n\t\t<\/h3>\n\t\t\t\t<div class=\"elementor-post__meta-data\">\n\t\t\t\t\t<span class=\"elementor-post-date\">\n\t\t\t17. December 2025\t\t<\/span>\n\t\t\t\t<span class=\"elementor-post-avatar\">\n\t\t\tNo Comments\t\t<\/span>\n\t\t\t\t<\/div>\n\t\t\t\t<div class=\"elementor-post__excerpt\">\n\t\t\t<p>Vanaf 1 januari 2026 wordt de beslistermijn voor WIA-beoordelingen en WIA-herbeoordelingen verlengd van 8 naar 16 weken. Deze wijziging is relevant voor werknemers en ex-werknemers<\/p>\n\t\t<\/div>\n\t\t\n\t\t<a class=\"elementor-post__read-more\" href=\"https:\/\/grenzarbeit.eu\/venlo\/nl\/beslistermijn-wia-verlengd-naar-16-weken\/\" aria-label=\"Read more about Beslistermijn WIA verlengd naar 16 weken\" tabindex=\"-1\" >\n\t\t\tWeiterlesen \u00bb\t\t<\/a>\n\n\t\t\t\t<\/div>\n\t\t\t\t<\/article>\n\t\t\t\t<article class=\"elementor-post elementor-grid-item post-4876 post type-post status-publish format-standard hentry category-unkategorisiert\" role=\"listitem\">\n\t\t\t\t<div class=\"elementor-post__text\">\n\t\t\t\t<h3 class=\"elementor-post__title\">\n\t\t\t<a href=\"https:\/\/grenzarbeit.eu\/venlo\/bearbeitungsfrist-wia-auf-16-wochen-verlaengert\/\" >\n\t\t\t\tBearbeitungsfrist WIA auf 16 Wochen verl\u00e4ngert\t\t\t<\/a>\n\t\t<\/h3>\n\t\t\t\t<div class=\"elementor-post__meta-data\">\n\t\t\t\t\t<span class=\"elementor-post-date\">\n\t\t\t17. December 2025\t\t<\/span>\n\t\t\t\t<span class=\"elementor-post-avatar\">\n\t\t\tNo Comments\t\t<\/span>\n\t\t\t\t<\/div>\n\t\t\t\t<div class=\"elementor-post__excerpt\">\n\t\t\t<p>Ab dem 1. Januar 2026 wird die Frist f\u00fcr WIA-Bescheide und -Nachbeurteilungen von acht auf 16 Wochen verl\u00e4ngert. Diese \u00c4nderung ist sowohl f\u00fcr aktuelle als<\/p>\n\t\t<\/div>\n\t\t\n\t\t<a class=\"elementor-post__read-more\" href=\"https:\/\/grenzarbeit.eu\/venlo\/bearbeitungsfrist-wia-auf-16-wochen-verlaengert\/\" aria-label=\"Read more about Bearbeitungsfrist WIA auf 16 Wochen verl\u00e4ngert\" tabindex=\"-1\" >\n\t\t\tWeiterlesen \u00bb\t\t<\/a>\n\n\t\t\t\t<\/div>\n\t\t\t\t<\/article>\n\t\t\t\t<\/div>\n\t\t\n\t\t\t\t<div class=\"e-load-more-anchor\" data-page=\"1\" data-max-page=\"19\" data-next-page=\"https:\/\/grenzarbeit.eu\/venlo\/wp-json\/wp\/v2\/pages\/3442\/page\/2\/\"><\/div>\n\t\t\t\t<nav class=\"elementor-pagination\" aria-label=\"Pagination\">\n\t\t\t<span aria-current=\"page\" class=\"page-numbers current\"><span class=\"elementor-screen-only\">Page<\/span>1<\/span>\n<a class=\"page-numbers\" href=\"https:\/\/grenzarbeit.eu\/venlo\/wp-json\/wp\/v2\/pages\/3442\/page\/2\/\"><span class=\"elementor-screen-only\">Page<\/span>2<\/a>\n<a class=\"page-numbers\" href=\"https:\/\/grenzarbeit.eu\/venlo\/wp-json\/wp\/v2\/pages\/3442\/page\/3\/\"><span class=\"elementor-screen-only\">Page<\/span>3<\/a>\n<a class=\"page-numbers\" href=\"https:\/\/grenzarbeit.eu\/venlo\/wp-json\/wp\/v2\/pages\/3442\/page\/4\/\"><span class=\"elementor-screen-only\">Page<\/span>4<\/a>\n<a class=\"page-numbers\" href=\"https:\/\/grenzarbeit.eu\/venlo\/wp-json\/wp\/v2\/pages\/3442\/page\/5\/\"><span class=\"elementor-screen-only\">Page<\/span>5<\/a>\n<a class=\"page-numbers\" href=\"https:\/\/grenzarbeit.eu\/venlo\/wp-json\/wp\/v2\/pages\/3442\/page\/6\/\"><span class=\"elementor-screen-only\">Page<\/span>6<\/a>\n<a class=\"page-numbers\" href=\"https:\/\/grenzarbeit.eu\/venlo\/wp-json\/wp\/v2\/pages\/3442\/page\/7\/\"><span class=\"elementor-screen-only\">Page<\/span>7<\/a>\n<a class=\"page-numbers\" href=\"https:\/\/grenzarbeit.eu\/venlo\/wp-json\/wp\/v2\/pages\/3442\/page\/8\/\"><span class=\"elementor-screen-only\">Page<\/span>8<\/a>\t\t<\/nav>\n\t\t\t\t\t\t<\/div>\n\t\t\t\t<\/div>\n\t\t\t\t\t<\/div>\n\t\t<\/div>\n\t\t\t\t\t<\/div>\n\t\t<\/section>\n\t\t\t\t<\/div>\n\t\t","protected":false},"excerpt":{"rendered":"<p>Newsarchiv<\/p>\n","protected":false},"author":1,"featured_media":0,"parent":0,"menu_order":0,"comment_status":"closed","ping_status":"closed","template":"","meta":{"_acf_changed":false,"inline_featured_image":false,"footnotes":""},"class_list":["post-3442","page","type-page","status-publish","hentry"],"acf":[],"_links":{"self":[{"href":"https:\/\/grenzarbeit.eu\/venlo\/wp-json\/wp\/v2\/pages\/3442","targetHints":{"allow":["GET"]}}],"collection":[{"href":"https:\/\/grenzarbeit.eu\/venlo\/wp-json\/wp\/v2\/pages"}],"about":[{"href":"https:\/\/grenzarbeit.eu\/venlo\/wp-json\/wp\/v2\/types\/page"}],"author":[{"embeddable":true,"href":"https:\/\/grenzarbeit.eu\/venlo\/wp-json\/wp\/v2\/users\/1"}],"replies":[{"embeddable":true,"href":"https:\/\/grenzarbeit.eu\/venlo\/wp-json\/wp\/v2\/comments?post=3442"}],"version-history":[{"count":0,"href":"https:\/\/grenzarbeit.eu\/venlo\/wp-json\/wp\/v2\/pages\/3442\/revisions"}],"wp:attachment":[{"href":"https:\/\/grenzarbeit.eu\/venlo\/wp-json\/wp\/v2\/media?parent=3442"}],"curies":[{"name":"wp","href":"https:\/\/api.w.org\/{rel}","templated":true}]}}